{"id":2053,"date":"2023-12-21T16:26:15","date_gmt":"2023-12-21T14:26:15","guid":{"rendered":"https:\/\/www.vibeshoteles.com\/localisation\/"},"modified":"2024-05-23T16:45:15","modified_gmt":"2024-05-23T14:45:15","slug":"localisation","status":"publish","type":"page","link":"https:\/\/www.vibeshoteles.com\/fr\/localisation\/","title":{"rendered":"Localisation"},"content":{"rendered":"<section class=\"l-section wpb_row us_custom_b14737b8 height_large color_alternate\"><div class=\"l-section-overlay\" style=\"background:rgba(0,0,0,0.50)\"><\/div><div class=\"l-section-h i-cf\"><div class=\"g-cols vc_row via_flex valign_top type_default stacking_default\"><div class=\"vc_col-sm-12 wpb_column vc_column_container\"><div class=\"vc_column-inner\"><div class=\"wpb_wrapper\">[vc_custom_heading text=\u00a0\u00bbLocalisation de Vibes Hoteles\u00a0\u00bb font_container=\u00a0\u00bbtag:h1|text_align:center\u00a0\u00bb use_theme_fonts=\u00a0\u00bbyes\u00a0\u00bb]<\/div><\/div><\/div><\/div><\/div><\/section><section class=\"l-section wpb_row us_custom_19737bc8 height_large\"><div class=\"l-section-h i-cf\"><div class=\"g-cols vc_row via_flex valign_top type_default stacking_default\"><div class=\"vc_col-sm-12 wpb_column vc_column_container\"><div class=\"vc_column-inner\"><div class=\"wpb_wrapper\">[vc_custom_heading text=\u00a0\u00bbPoints d&apos;int\u00e9r\u00eat\u00a0\u00bb use_theme_fonts=\u00a0\u00bbyes\u00a0\u00bb]<div class=\"g-cols wpb_row via_flex valign_top type_default stacking_default\"><div class=\"vc_col-sm-8 wpb_column vc_column_container\"><div class=\"vc_column-inner\"><div class=\"wpb_wrapper\"><div class=\"w-html us_custom_94be0cb5\"><iframe src=\"https:\/\/www.google.com\/maps\/d\/embed?mid=1YiQf-4515mDNZruJx8x-959cFnw6dzo&amp;ehbc=2E312F\" style=\"width: 100%; height: 515px; margin-top: -67px; margin-bottom: -9px; border: 0;\"><\/iframe><\/div><\/div><\/div><\/div><div class=\"vc_col-sm-4 wpb_column vc_column_container\"><div class=\"vc_column-inner\"><div class=\"wpb_wrapper\"><div class=\"wpb_text_column us_custom_3f4bfcf8\"><div class=\"wpb_wrapper\"><ul>\n<li>M\u00e9tro Puerta Blanca : 500 m<\/li>\n<li>M\u00e9tro Palacio de los Deportes : 600 m<\/li>\n<li>Train Victoria Kent : 1,3 km<\/li>\n<li>Train de Los Prados : 1,8 km<\/li>\n<li>Bus &#8211; Gare routi\u00e8re de Malaga : 3,5 km<\/li>\n<li>Plage de Misericordia : 1,5 km<\/li>\n<li>Plage de Sacaba : 1,6 km<\/li>\n<li>Plage de Guadalhorce : 1,9 km<\/li>\n<li>Plage de San Andr\u00e9s : 2,6 km<\/li>\n<li>Plage de Guadalmar : 3 km<\/li>\n<li>Mus\u00e9e Carmen Thyssen : 4,9 km<\/li>\n<li>Parc de Malaga : 5 km<\/li>\n<li>Mus\u00e9e de Malaga : 5 km<\/li>\n<li>Mus\u00e9e Picasso : 5 km<\/li>\n<li>Mus\u00e9e Jorge Rando : 5 km<\/li>\n<li>Alcazaba : 5 km<\/li>\n<\/ul>\n<\/div><\/div><\/div><\/div><\/div><\/div><\/div><\/div><\/div><\/div><\/div><\/section><section class=\"l-section wpb_row us_custom_19737bc8 height_large\"><div class=\"l-section-h i-cf\"><div class=\"g-cols vc_row via_flex valign_top type_default stacking_default\"><div class=\"vc_col-sm-12 wpb_column vc_column_container\"><div class=\"vc_column-inner\"><div class=\"wpb_wrapper\">[vc_custom_heading text=\u00a0\u00bbNos clients nous recommandent\u00a0\u00bb font_container=\u00a0\u00bbtag:h2|text_align:center\u00a0\u00bb use_theme_fonts=\u00a0\u00bbyes\u00a0\u00bb css=\u00a0\u00bb%7B%22default%22%3A%7B%22font-size%22%3A%222.77rem%22%2C%22text-transform%22%3A%22none%22%7D%2C%22laptops%22%3A%7B%22font-size%22%3A%222.77rem%22%2C%22text-transform%22%3A%22none%22%7D%2C%22tablets%22%3A%7B%22font-size%22%3A%222.77rem%22%2C%22text-transform%22%3A%22none%22%7D%2C%22mobiles%22%3A%7B%22font-size%22%3A%221.77rem%22%2C%22text-transform%22%3A%22none%22%7D%7D\u00a0\u00bb]<div class=\"wpb_text_column\"><div class=\"wpb_wrapper\"><p style=\"text-align: center;\"><pre class=\"ti-widget\" style=\"display: none\"><template id=\"trustindex-google-widget-html\"><div class=\" ti-widget  ti-goog ti-disable-font ti-review-text-mode-readmore ti-text-align-left\" data-no-translation=\"true\" data-time-locale=\"hace %d %s|hoy|d\u00eda|d\u00edas|semana|semanas|mes|meses|a\u00f1o|a\u00f1os\" data-plugin-version=\"13.2.9\" data-layout-id=\"4\" data-layout-category=\"slider\" data-set-id=\"light-minimal\" data-pid=\"\" data-language=\"es\" data-close-locale=\"Cerca\" data-review-target-width=\"300\" data-css-version=\"2\" data-reply-by-locale=\"Respuesta del propietario\" data-only-rating-locale=\"Esta usuario solo dej\u00f3 una calificaci\u00f3n.\" data-pager-autoplay-timeout=\"6\"> <div class=\"ti-widget-container ti-col-3\"> <div class=\"ti-reviews-container\"> <div class=\"ti-controls\"> <div class=\"ti-next\" aria-label=\"Siguiente rese\u00f1a\" role=\"button\" tabindex=\"0\"><\/div> <div class=\"ti-prev\" aria-label=\"Rese\u00f1a anterior\" role=\"button\" tabindex=\"0\"><\/div> <\/div> <div class=\"ti-reviews-container-wrapper\">  <div data-empty=\"0\" data-time=\"1769990400\" class=\"ti-review-item source-Google ti-image-layout-thumbnail\" data-id=\"cfcd208495d565ef66e7dff9f98764da\"> <div class=\"ti-inner\"> <div class=\"ti-review-header\"> <div class=\"ti-platform-icon ti-with-tooltip\"> <span class=\"ti-tooltip\">Publicado en <\/span> <trustindex-image data-imgurl=\"https:\/\/cdn.trustindex.io\/assets\/platform\/Google\/icon.svg\" alt=\"\" width=\"20\" height=\"20\" loading=\"lazy\"><\/trustindex-image> <\/div> <div class=\"ti-profile-img\"> <trustindex-image data-imgurl=\"https:\/\/lh3.googleusercontent.com\/a-\/ALV-UjVMz_shl0JX0fuylOvsVa3VMPvaJg8Fcfpc6aMai5eLSOKCdNbdGA=w40-h40-c-rp-mo-ba4-br100\" alt=\"Nathalie profile picture\" loading=\"lazy\"><\/trustindex-image> <\/div> <div class=\"ti-profile-details\"> <div class=\"ti-name\"> Nathalie <\/div> <div class=\"ti-date\"><\/div> <\/div> <\/div> <span class=\"ti-stars\"><trustindex-image class=\"ti-star\" data-imgurl=\"https:\/\/cdn.trustindex.io\/assets\/platform\/Google\/star\/f.svg\" alt=\"Google star 1\" width=\"17\" height=\"17\" loading=\"lazy\"><\/trustindex-image><trustindex-image class=\"ti-star\" data-imgurl=\"https:\/\/cdn.trustindex.io\/assets\/platform\/Google\/star\/f.svg\" alt=\"Google star 2\" width=\"17\" height=\"17\" loading=\"lazy\"><\/trustindex-image><trustindex-image class=\"ti-star\" data-imgurl=\"https:\/\/cdn.trustindex.io\/assets\/platform\/Google\/star\/f.svg\" alt=\"Google star 3\" width=\"17\" height=\"17\" loading=\"lazy\"><\/trustindex-image><trustindex-image class=\"ti-star\" data-imgurl=\"https:\/\/cdn.trustindex.io\/assets\/platform\/Google\/star\/f.svg\" alt=\"Google star 4\" width=\"17\" height=\"17\" loading=\"lazy\"><\/trustindex-image><trustindex-image class=\"ti-star\" data-imgurl=\"https:\/\/cdn.trustindex.io\/assets\/platform\/Google\/star\/f.svg\" alt=\"Google star 5\" width=\"17\" height=\"17\" loading=\"lazy\"><\/trustindex-image><span class=\"ti-verified-review ti-verified-platform\"><span class=\"ti-verified-tooltip\">Trustindex verifica que la fuente original de la rese\u00f1a sea Google.<\/span><\/span><\/span> <div class=\"ti-review-text-container ti-review-content\"><!-- R-CONTENT -->Muy atentos tanto en recepci\u00f3n como en el desayuno.\n\nHotel nuevo y estupendo<!-- R-CONTENT --><\/div> <span class=\"ti-read-more\" data-container=\".ti-review-content\" data-collapse-text=\"Ocultar\" data-open-text=\"Leer m\u00e1s\"><\/span> <\/div> <\/div>  <div data-empty=\"0\" data-time=\"1769990400\" class=\"ti-review-item source-Google ti-image-layout-thumbnail\" data-id=\"cfcd208495d565ef66e7dff9f98764da\"> <div class=\"ti-inner\"> <div class=\"ti-review-header\"> <div class=\"ti-platform-icon ti-with-tooltip\"> <span class=\"ti-tooltip\">Publicado en <\/span> <trustindex-image data-imgurl=\"https:\/\/cdn.trustindex.io\/assets\/platform\/Google\/icon.svg\" alt=\"\" width=\"20\" height=\"20\" loading=\"lazy\"><\/trustindex-image> <\/div> <div class=\"ti-profile-img\"> <trustindex-image data-imgurl=\"https:\/\/lh3.googleusercontent.com\/a-\/ALV-UjXQfpdt0sRj-iEkmMwyUYH2mpPZynMz9_CzmgDumjGkDIjJJErE=w40-h40-c-rp-mo-ba3-br100\" alt=\"Carlos R. R. profile picture\" loading=\"lazy\"><\/trustindex-image> <\/div> <div class=\"ti-profile-details\"> <div class=\"ti-name\"> Carlos R. R. <\/div> <div class=\"ti-date\"><\/div> <\/div> <\/div> <span class=\"ti-stars\"><trustindex-image class=\"ti-star\" data-imgurl=\"https:\/\/cdn.trustindex.io\/assets\/platform\/Google\/star\/f.svg\" alt=\"Google star 1\" width=\"17\" height=\"17\" loading=\"lazy\"><\/trustindex-image><trustindex-image class=\"ti-star\" data-imgurl=\"https:\/\/cdn.trustindex.io\/assets\/platform\/Google\/star\/f.svg\" alt=\"Google star 2\" width=\"17\" height=\"17\" loading=\"lazy\"><\/trustindex-image><trustindex-image class=\"ti-star\" data-imgurl=\"https:\/\/cdn.trustindex.io\/assets\/platform\/Google\/star\/f.svg\" alt=\"Google star 3\" width=\"17\" height=\"17\" loading=\"lazy\"><\/trustindex-image><trustindex-image class=\"ti-star\" data-imgurl=\"https:\/\/cdn.trustindex.io\/assets\/platform\/Google\/star\/f.svg\" alt=\"Google star 4\" width=\"17\" height=\"17\" loading=\"lazy\"><\/trustindex-image><trustindex-image class=\"ti-star\" data-imgurl=\"https:\/\/cdn.trustindex.io\/assets\/platform\/Google\/star\/f.svg\" alt=\"Google star 5\" width=\"17\" height=\"17\" loading=\"lazy\"><\/trustindex-image><span class=\"ti-verified-review ti-verified-platform\"><span class=\"ti-verified-tooltip\">Trustindex verifica que la fuente original de la rese\u00f1a sea Google.<\/span><\/span><\/span> <div class=\"ti-review-text-container ti-review-content\"><!-- R-CONTENT -->Me aloj\u00e9 el dia 01.02.2026 habitaci\u00f3n muyyyy limpias, confort en toda ella, super moderno ,parec\u00eda un hotel de 5 estrellas. Personal muy atento y educado. Volver\u00eda sin ninguna duda he estado en otros hoteles m\u00e1s caros y no ten\u00edan tanta calidad c\u00f3mo est\u00e9. Aparcamiento sin problema alguno.<!-- R-CONTENT --><\/div> <span class=\"ti-read-more\" data-container=\".ti-review-content\" data-collapse-text=\"Ocultar\" data-open-text=\"Leer m\u00e1s\"><\/span> <\/div> <\/div>  <div data-empty=\"0\" data-time=\"1769904000\" class=\"ti-review-item source-Google ti-image-layout-thumbnail\" data-id=\"cfcd208495d565ef66e7dff9f98764da\"> <div class=\"ti-inner\"> <div class=\"ti-review-header\"> <div class=\"ti-platform-icon ti-with-tooltip\"> <span class=\"ti-tooltip\">Publicado en <\/span> <trustindex-image data-imgurl=\"https:\/\/cdn.trustindex.io\/assets\/platform\/Google\/icon.svg\" alt=\"\" width=\"20\" height=\"20\" loading=\"lazy\"><\/trustindex-image> <\/div> <div class=\"ti-profile-img\"> <trustindex-image data-imgurl=\"https:\/\/lh3.googleusercontent.com\/a-\/ALV-UjXYQdhBIoKUtyyG3LvfRFpdaak7o3Cuniizmnm0hrHMHjcEI7mq=w40-h40-c-rp-mo-ba5-br100\" alt=\"Rafalin profile picture\" loading=\"lazy\"><\/trustindex-image> <\/div> <div class=\"ti-profile-details\"> <div class=\"ti-name\"> Rafalin <\/div> <div class=\"ti-date\"><\/div> <\/div> <\/div> <span class=\"ti-stars\"><trustindex-image class=\"ti-star\" data-imgurl=\"https:\/\/cdn.trustindex.io\/assets\/platform\/Google\/star\/f.svg\" alt=\"Google star 1\" width=\"17\" height=\"17\" loading=\"lazy\"><\/trustindex-image><trustindex-image class=\"ti-star\" data-imgurl=\"https:\/\/cdn.trustindex.io\/assets\/platform\/Google\/star\/f.svg\" alt=\"Google star 2\" width=\"17\" height=\"17\" loading=\"lazy\"><\/trustindex-image><trustindex-image class=\"ti-star\" data-imgurl=\"https:\/\/cdn.trustindex.io\/assets\/platform\/Google\/star\/f.svg\" alt=\"Google star 3\" width=\"17\" height=\"17\" loading=\"lazy\"><\/trustindex-image><trustindex-image class=\"ti-star\" data-imgurl=\"https:\/\/cdn.trustindex.io\/assets\/platform\/Google\/star\/f.svg\" alt=\"Google star 4\" width=\"17\" height=\"17\" loading=\"lazy\"><\/trustindex-image><trustindex-image class=\"ti-star\" data-imgurl=\"https:\/\/cdn.trustindex.io\/assets\/platform\/Google\/star\/f.svg\" alt=\"Google star 5\" width=\"17\" height=\"17\" loading=\"lazy\"><\/trustindex-image><span class=\"ti-verified-review ti-verified-platform\"><span class=\"ti-verified-tooltip\">Trustindex verifica que la fuente original de la rese\u00f1a sea Google.<\/span><\/span><\/span> <div class=\"ti-review-text-container ti-review-content\"><!-- R-CONTENT -->Habitaciones muy nuevas confortables y limpias la ubicaci\u00f3n est\u00e1 como en una zona algo apartada.<!-- R-CONTENT --><\/div> <span class=\"ti-read-more\" data-container=\".ti-review-content\" data-collapse-text=\"Ocultar\" data-open-text=\"Leer m\u00e1s\"><\/span> <\/div> <\/div>  <div data-empty=\"0\" data-time=\"1769212800\" class=\"ti-review-item source-Google ti-image-layout-thumbnail\" data-id=\"cfcd208495d565ef66e7dff9f98764da\"> <div class=\"ti-inner\"> <div class=\"ti-review-header\"> <div class=\"ti-platform-icon ti-with-tooltip\"> <span class=\"ti-tooltip\">Publicado en <\/span> <trustindex-image data-imgurl=\"https:\/\/cdn.trustindex.io\/assets\/platform\/Google\/icon.svg\" alt=\"\" width=\"20\" height=\"20\" loading=\"lazy\"><\/trustindex-image> <\/div> <div class=\"ti-profile-img\"> <trustindex-image data-imgurl=\"https:\/\/lh3.googleusercontent.com\/a\/ACg8ocI5EWMsyhRK0WvYRCtPBuDPkaT1J_b4ovHooxuIMo_EfriZkg=w40-h40-c-rp-mo-ba3-br100\" alt=\"manuel callejon profile picture\" loading=\"lazy\"><\/trustindex-image> <\/div> <div class=\"ti-profile-details\"> <div class=\"ti-name\"> manuel callejon <\/div> <div class=\"ti-date\"><\/div> <\/div> <\/div> <span class=\"ti-stars\"><trustindex-image class=\"ti-star\" data-imgurl=\"https:\/\/cdn.trustindex.io\/assets\/platform\/Google\/star\/f.svg\" alt=\"Google star 1\" width=\"17\" height=\"17\" loading=\"lazy\"><\/trustindex-image><trustindex-image class=\"ti-star\" data-imgurl=\"https:\/\/cdn.trustindex.io\/assets\/platform\/Google\/star\/f.svg\" alt=\"Google star 2\" width=\"17\" height=\"17\" loading=\"lazy\"><\/trustindex-image><trustindex-image class=\"ti-star\" data-imgurl=\"https:\/\/cdn.trustindex.io\/assets\/platform\/Google\/star\/f.svg\" alt=\"Google star 3\" width=\"17\" height=\"17\" loading=\"lazy\"><\/trustindex-image><trustindex-image class=\"ti-star\" data-imgurl=\"https:\/\/cdn.trustindex.io\/assets\/platform\/Google\/star\/f.svg\" alt=\"Google star 4\" width=\"17\" height=\"17\" loading=\"lazy\"><\/trustindex-image><trustindex-image class=\"ti-star\" data-imgurl=\"https:\/\/cdn.trustindex.io\/assets\/platform\/Google\/star\/f.svg\" alt=\"Google star 5\" width=\"17\" height=\"17\" loading=\"lazy\"><\/trustindex-image><span class=\"ti-verified-review ti-verified-platform\"><span class=\"ti-verified-tooltip\">Trustindex verifica que la fuente original de la rese\u00f1a sea Google.<\/span><\/span><\/span> <div class=\"ti-review-text-container ti-review-content\"><!-- R-CONTENT -->Buena relaci\u00f3n calidad precio, todo perfecto,supero nuestras expectativas.<!-- R-CONTENT --><\/div> <span class=\"ti-read-more\" data-container=\".ti-review-content\" data-collapse-text=\"Ocultar\" data-open-text=\"Leer m\u00e1s\"><\/span> <\/div> <\/div>  <\/div> <div class=\"ti-controls-line\"> <div class=\"dot\"><\/div> <\/div> <\/div>    <\/div> <\/div> <\/template><\/pre><div data-src=\"https:\/\/cdn.trustindex.io\/loader.js?wp-widget\" data-template-id=\"trustindex-google-widget-html\" data-css-url=\"https:\/\/www.vibeshoteles.com\/wp-content\/uploads\/trustindex-google-widget.css?1776854034\"><\/div>\n<\/div><\/div><\/div><\/div><\/div><\/div><\/div><\/section>\n","protected":false},"excerpt":{"rendered":"[vc_custom_heading text=\"Localisation de Vibes Hoteles\" font_container=\"tag:h1|text_align:center\" use_theme_fonts=\"yes\"][vc_custom_heading text=\"Points d&apos;int\u00e9r\u00eat\" use_theme_fonts=\"yes\"] M\u00e9tro Puerta Blanca : 500 m M\u00e9tro Palacio de los Deportes : 600 m Train Victoria Kent : 1,3 km Train de Los Prados : 1,8 km Bus &#8211; Gare routi\u00e8re de Malaga : 3,5 km Plage de Misericordia : 1,5 km Plage de Sacaba...","protected":false},"author":1,"featured_media":0,"parent":0,"menu_order":0,"comment_status":"closed","ping_status":"closed","template":"","meta":{"_acf_changed":false,"inline_featured_image":false,"footnotes":""},"class_list":["post-2053","page","type-page","status-publish","hentry"],"acf":[],"yoast_head":"<!-- This site is optimized with the Yoast SEO plugin v27.4 - https:\/\/yoast.com\/product\/yoast-seo-wordpress\/ -->\n<title>Localisation la l&#039;h\u00f4tel | Vibes Hoteles<\/title>\n<meta name=\"description\" content=\"Vibes Hoteles b\u00e9n\u00e9ficie d&#039;un emplacement strat\u00e9gique : \u00e0 3 km de l&#039;a\u00e9roport de Malaga \u2714 \u00e0 2 km de la plage \u2714 \u00e0 5 km du centre-ville \u2714...\" \/>\n<meta name=\"robots\" content=\"index, follow, max-snippet:-1, max-image-preview:large, max-video-preview:-1\" \/>\n<link rel=\"canonical\" href=\"https:\/\/www.vibeshoteles.com\/fr\/localisation\/\" \/>\n<meta property=\"og:locale\" content=\"fr_FR\" \/>\n<meta property=\"og:type\" content=\"article\" \/>\n<meta property=\"og:title\" content=\"Localisation la l&#039;h\u00f4tel | Vibes Hoteles\" \/>\n<meta property=\"og:description\" content=\"Vibes Hoteles b\u00e9n\u00e9ficie d&#039;un emplacement strat\u00e9gique : \u00e0 3 km de l&#039;a\u00e9roport de Malaga \u2714 \u00e0 2 km de la plage \u2714 \u00e0 5 km du centre-ville \u2714...\" \/>\n<meta property=\"og:url\" content=\"https:\/\/www.vibeshoteles.com\/fr\/localisation\/\" \/>\n<meta property=\"og:site_name\" content=\"Vibes Hoteles\" \/>\n<meta property=\"article:modified_time\" content=\"2024-05-23T14:45:15+00:00\" \/>\n<meta property=\"og:image\" content=\"https:\/\/www.vibeshoteles.com\/wp-content\/uploads\/2023\/10\/disfrute-vibes.jpg\" \/>\n\t<meta property=\"og:image:width\" content=\"443\" \/>\n\t<meta property=\"og:image:height\" content=\"443\" \/>\n\t<meta property=\"og:image:type\" content=\"image\/jpeg\" \/>\n<meta name=\"twitter:card\" content=\"summary_large_image\" \/>\n<meta name=\"twitter:label1\" content=\"Dur\u00e9e de lecture estim\u00e9e\" \/>\n\t<meta name=\"twitter:data1\" content=\"1 minute\" \/>\n<script type=\"application\/ld+json\" class=\"yoast-schema-graph\">{\"@context\":\"https:\\\/\\\/schema.org\",\"@graph\":[{\"@type\":\"WebPage\",\"@id\":\"https:\\\/\\\/www.vibeshoteles.com\\\/fr\\\/localisation\\\/\",\"url\":\"https:\\\/\\\/www.vibeshoteles.com\\\/fr\\\/localisation\\\/\",\"name\":\"Localisation la l'h\u00f4tel | Vibes Hoteles\",\"isPartOf\":{\"@id\":\"https:\\\/\\\/www.vibeshoteles.com\\\/fr\\\/#website\"},\"datePublished\":\"2023-12-21T14:26:15+00:00\",\"dateModified\":\"2024-05-23T14:45:15+00:00\",\"description\":\"Vibes Hoteles b\u00e9n\u00e9ficie d'un emplacement strat\u00e9gique : \u00e0 3 km de l'a\u00e9roport de Malaga \u2714 \u00e0 2 km de la plage \u2714 \u00e0 5 km du centre-ville \u2714...\",\"breadcrumb\":{\"@id\":\"https:\\\/\\\/www.vibeshoteles.com\\\/fr\\\/localisation\\\/#breadcrumb\"},\"inLanguage\":\"fr-FR\",\"potentialAction\":[{\"@type\":\"ReadAction\",\"target\":[\"https:\\\/\\\/www.vibeshoteles.com\\\/fr\\\/localisation\\\/\"]}]},{\"@type\":\"BreadcrumbList\",\"@id\":\"https:\\\/\\\/www.vibeshoteles.com\\\/fr\\\/localisation\\\/#breadcrumb\",\"itemListElement\":[{\"@type\":\"ListItem\",\"position\":1,\"name\":\"Portada\",\"item\":\"https:\\\/\\\/www.vibeshoteles.com\\\/fr\\\/\"},{\"@type\":\"ListItem\",\"position\":2,\"name\":\"Localisation\"}]},{\"@type\":\"WebSite\",\"@id\":\"https:\\\/\\\/www.vibeshoteles.com\\\/fr\\\/#website\",\"url\":\"https:\\\/\\\/www.vibeshoteles.com\\\/fr\\\/\",\"name\":\"Vibes Hoteles\",\"description\":\"\",\"publisher\":{\"@id\":\"https:\\\/\\\/www.vibeshoteles.com\\\/fr\\\/#organization\"},\"potentialAction\":[{\"@type\":\"SearchAction\",\"target\":{\"@type\":\"EntryPoint\",\"urlTemplate\":\"https:\\\/\\\/www.vibeshoteles.com\\\/fr\\\/?s={search_term_string}\"},\"query-input\":{\"@type\":\"PropertyValueSpecification\",\"valueRequired\":true,\"valueName\":\"search_term_string\"}}],\"inLanguage\":\"fr-FR\"},{\"@type\":\"Organization\",\"@id\":\"https:\\\/\\\/www.vibeshoteles.com\\\/fr\\\/#organization\",\"name\":\"Vibes Hoteles\",\"url\":\"https:\\\/\\\/www.vibeshoteles.com\\\/fr\\\/\",\"logo\":{\"@type\":\"ImageObject\",\"inLanguage\":\"fr-FR\",\"@id\":\"https:\\\/\\\/www.vibeshoteles.com\\\/fr\\\/#\\\/schema\\\/logo\\\/image\\\/\",\"url\":\"https:\\\/\\\/www.vibeshoteles.com\\\/wp-content\\\/uploads\\\/2023\\\/12\\\/logo-bive-hoteles.png\",\"contentUrl\":\"https:\\\/\\\/www.vibeshoteles.com\\\/wp-content\\\/uploads\\\/2023\\\/12\\\/logo-bive-hoteles.png\",\"width\":696,\"height\":696,\"caption\":\"Vibes Hoteles\"},\"image\":{\"@id\":\"https:\\\/\\\/www.vibeshoteles.com\\\/fr\\\/#\\\/schema\\\/logo\\\/image\\\/\"}}]}<\/script>\n<!-- \/ Yoast SEO plugin. -->","yoast_head_json":{"title":"Localisation la l'h\u00f4tel | Vibes Hoteles","description":"Vibes Hoteles b\u00e9n\u00e9ficie d'un emplacement strat\u00e9gique : \u00e0 3 km de l'a\u00e9roport de Malaga \u2714 \u00e0 2 km de la plage \u2714 \u00e0 5 km du centre-ville \u2714...","robots":{"index":"index","follow":"follow","max-snippet":"max-snippet:-1","max-image-preview":"max-image-preview:large","max-video-preview":"max-video-preview:-1"},"canonical":"https:\/\/www.vibeshoteles.com\/fr\/localisation\/","og_locale":"fr_FR","og_type":"article","og_title":"Localisation la l'h\u00f4tel | Vibes Hoteles","og_description":"Vibes Hoteles b\u00e9n\u00e9ficie d'un emplacement strat\u00e9gique : \u00e0 3 km de l'a\u00e9roport de Malaga \u2714 \u00e0 2 km de la plage \u2714 \u00e0 5 km du centre-ville \u2714...","og_url":"https:\/\/www.vibeshoteles.com\/fr\/localisation\/","og_site_name":"Vibes Hoteles","article_modified_time":"2024-05-23T14:45:15+00:00","og_image":[{"width":443,"height":443,"url":"https:\/\/www.vibeshoteles.com\/wp-content\/uploads\/2023\/10\/disfrute-vibes.jpg","type":"image\/jpeg"}],"twitter_card":"summary_large_image","twitter_misc":{"Dur\u00e9e de lecture estim\u00e9e":"1 minute"},"schema":{"@context":"https:\/\/schema.org","@graph":[{"@type":"WebPage","@id":"https:\/\/www.vibeshoteles.com\/fr\/localisation\/","url":"https:\/\/www.vibeshoteles.com\/fr\/localisation\/","name":"Localisation la l'h\u00f4tel | Vibes Hoteles","isPartOf":{"@id":"https:\/\/www.vibeshoteles.com\/fr\/#website"},"datePublished":"2023-12-21T14:26:15+00:00","dateModified":"2024-05-23T14:45:15+00:00","description":"Vibes Hoteles b\u00e9n\u00e9ficie d'un emplacement strat\u00e9gique : \u00e0 3 km de l'a\u00e9roport de Malaga \u2714 \u00e0 2 km de la plage \u2714 \u00e0 5 km du centre-ville \u2714...","breadcrumb":{"@id":"https:\/\/www.vibeshoteles.com\/fr\/localisation\/#breadcrumb"},"inLanguage":"fr-FR","potentialAction":[{"@type":"ReadAction","target":["https:\/\/www.vibeshoteles.com\/fr\/localisation\/"]}]},{"@type":"BreadcrumbList","@id":"https:\/\/www.vibeshoteles.com\/fr\/localisation\/#breadcrumb","itemListElement":[{"@type":"ListItem","position":1,"name":"Portada","item":"https:\/\/www.vibeshoteles.com\/fr\/"},{"@type":"ListItem","position":2,"name":"Localisation"}]},{"@type":"WebSite","@id":"https:\/\/www.vibeshoteles.com\/fr\/#website","url":"https:\/\/www.vibeshoteles.com\/fr\/","name":"Vibes Hoteles","description":"","publisher":{"@id":"https:\/\/www.vibeshoteles.com\/fr\/#organization"},"potentialAction":[{"@type":"SearchAction","target":{"@type":"EntryPoint","urlTemplate":"https:\/\/www.vibeshoteles.com\/fr\/?s={search_term_string}"},"query-input":{"@type":"PropertyValueSpecification","valueRequired":true,"valueName":"search_term_string"}}],"inLanguage":"fr-FR"},{"@type":"Organization","@id":"https:\/\/www.vibeshoteles.com\/fr\/#organization","name":"Vibes Hoteles","url":"https:\/\/www.vibeshoteles.com\/fr\/","logo":{"@type":"ImageObject","inLanguage":"fr-FR","@id":"https:\/\/www.vibeshoteles.com\/fr\/#\/schema\/logo\/image\/","url":"https:\/\/www.vibeshoteles.com\/wp-content\/uploads\/2023\/12\/logo-bive-hoteles.png","contentUrl":"https:\/\/www.vibeshoteles.com\/wp-content\/uploads\/2023\/12\/logo-bive-hoteles.png","width":696,"height":696,"caption":"Vibes Hoteles"},"image":{"@id":"https:\/\/www.vibeshoteles.com\/fr\/#\/schema\/logo\/image\/"}}]}},"_links":{"self":[{"href":"https:\/\/www.vibeshoteles.com\/fr\/wp-json\/wp\/v2\/pages\/2053","targetHints":{"allow":["GET"]}}],"collection":[{"href":"https:\/\/www.vibeshoteles.com\/fr\/wp-json\/wp\/v2\/pages"}],"about":[{"href":"https:\/\/www.vibeshoteles.com\/fr\/wp-json\/wp\/v2\/types\/page"}],"author":[{"embeddable":true,"href":"https:\/\/www.vibeshoteles.com\/fr\/wp-json\/wp\/v2\/users\/1"}],"replies":[{"embeddable":true,"href":"https:\/\/www.vibeshoteles.com\/fr\/wp-json\/wp\/v2\/comments?post=2053"}],"version-history":[{"count":3,"href":"https:\/\/www.vibeshoteles.com\/fr\/wp-json\/wp\/v2\/pages\/2053\/revisions"}],"predecessor-version":[{"id":2767,"href":"https:\/\/www.vibeshoteles.com\/fr\/wp-json\/wp\/v2\/pages\/2053\/revisions\/2767"}],"wp:attachment":[{"href":"https:\/\/www.vibeshoteles.com\/fr\/wp-json\/wp\/v2\/media?parent=2053"}],"curies":[{"name":"wp","href":"https:\/\/api.w.org\/{rel}","templated":true}]}}