{"id":2047,"date":"2023-12-19T12:59:26","date_gmt":"2023-12-19T10:59:26","guid":{"rendered":"https:\/\/www.vibeshoteles.com\/services\/"},"modified":"2026-02-23T19:17:49","modified_gmt":"2026-02-23T17:17:49","slug":"services","status":"publish","type":"page","link":"https:\/\/www.vibeshoteles.com\/fr\/services\/","title":{"rendered":"Services"},"content":{"rendered":"<section class=\"l-section wpb_row us_custom_28abcfc0 height_large color_alternate\"><div class=\"l-section-overlay\" style=\"background:rgba(0,0,0,0.50)\"><\/div><div class=\"l-section-h i-cf\"><div class=\"g-cols vc_row via_flex valign_top type_default stacking_default\"><div class=\"vc_col-sm-12 wpb_column vc_column_container\"><div class=\"vc_column-inner\"><div class=\"wpb_wrapper\">[vc_custom_heading text=\u00a0\u00bbServices de l&rsquo;h\u00f4tel Vibes\u00a0\u00bb font_container=\u00a0\u00bbtag:h1|text_align:center\u00a0\u00bb use_theme_fonts=\u00a0\u00bbyes\u00a0\u00bb]<\/div><\/div><\/div><\/div><\/div><\/section><section class=\"l-section wpb_row us_custom_19737bc8 height_large width_custom\" style=\"--site-content-width:1600px;\"><div class=\"l-section-h i-cf\"><div class=\"g-cols vc_row via_flex valign_middle type_default stacking_default\"><div class=\"vc_col-sm-6 wpb_column vc_column_container\"><div class=\"vc_column-inner us_custom_1400c4c7\"><div class=\"wpb_wrapper\">[vc_custom_heading text=\u00a0\u00bbTout ce qui<br \/>\nvous pouvez souhaiter\u00a0\u00bb use_theme_fonts=\u00a0\u00bbyes\u00a0\u00bb css=\u00a0\u00bb%7B%22default%22%3A%7B%22margin-left%22%3A%22-4rem%22%7D%7D\u00a0\u00bb]<\/div><\/div><\/div><div class=\"vc_col-sm-6 wpb_column vc_column_container\"><div class=\"vc_column-inner\"><div class=\"wpb_wrapper\"><div class=\"wpb_text_column\"><div class=\"wpb_wrapper\"><p>Bienvenue \u00e0 Vibes Hotels ! Dans le cadre de notre engagement permanent \u00e0 offrir des exp\u00e9riences exceptionnelles \u00e0 nos clients, nous sommes ravis de vous pr\u00e9senter nos services innovants. Dans notre h\u00f4tel, nous comprenons l&rsquo;importance de concilier voyage et bien-\u00eatre. C&rsquo;est pourquoi nous vous proposons :<\/p>\n<\/div><\/div><\/div><\/div><\/div><\/div><\/div><\/section><section class=\"l-section wpb_row height_large width_custom\" style=\"--site-content-width:1180px;\"><div class=\"l-section-h i-cf\"><div class=\"g-cols vc_row via_flex valign_top type_default stacking_default\"><div class=\"vc_col-sm-12 wpb_column vc_column_container\"><div class=\"vc_column-inner\"><div class=\"wpb_wrapper\"><div class=\"w-vwrapper us_custom_25e095bf box-service align_none valign_top\"><div class=\"w-iconbox us_custom_794b58a0 iconpos_left style_default color_secondary align_left no_title\"><div class=\"w-iconbox-icon\" style=\"font-size:1.5rem;\"><span class=\"fal fa-concierge-bell\"><\/span><\/div><div class=\"w-iconbox-meta\"><div class=\"w-iconbox-text\"><h2>G\u00e9n\u00e9ral<\/h2>\n<\/div><\/div><\/div><div class=\"w-hwrapper us_custom_76efe857 valign_top wrap align_none\" style=\"--hwrapper-gap:0px\"><div class=\"wpb_text_column us_custom_3d3bcab9\"><div class=\"wpb_wrapper\"><ul>\n<li aria-level=\"1\">R\u00e9ception 24 heures sur 24<\/li>\n<li aria-level=\"1\">Le re\u00e7u fournit la facture<\/li>\n<li aria-level=\"1\">Enregistrement \u00e0 partir de 15h00<\/li>\n<li aria-level=\"1\">Check-out avant 12h00<\/li>\n<li aria-level=\"1\">Personnel multilingue<\/li>\n<li aria-level=\"1\">Louer une voiture<\/li>\n<li aria-level=\"1\">Stockage des bagages<\/li>\n<li aria-level=\"1\">Informations touristiques<\/li>\n<li aria-level=\"1\">Nettoyage quotidien<\/li>\n<li aria-level=\"1\">Bagages et vestiaire<\/li>\n<li aria-level=\"1\">Blanchisserie de 8h00 \u00e0 13h00<\/li>\n<li aria-level=\"1\">Caf\u00e9t\u00e9ria dans le logement<\/li>\n<\/ul>\n<\/div><\/div><div class=\"wpb_text_column us_custom_0d536fc3\"><div class=\"wpb_wrapper\"><ul>\n<li aria-level=\"1\">Bar \u00ab\u00a0Va y Ven\u00a0\u00bb Ouvert d&rsquo;Novembre \u00e0 F\u00e9vrier , Fermeture exceptionnelle (2026)<\/li>\n<li aria-level=\"1\">Menus pour r\u00e9gimes sp\u00e9ciaux (sur demande)<\/li>\n<li aria-level=\"1\">Garage : Sous r\u00e9serve de disponibilit\u00e9, ne peut \u00eatre r\u00e9serv\u00e9. Co\u00fbt de 12\u20ac\/jour.\n<ul>\n<li aria-level=\"2\">Station de recharge pour v\u00e9hicules \u00e9lectriques.<\/li>\n<li aria-level=\"2\">Parking adapt\u00e9 aux personnes \u00e0 mobilit\u00e9 r\u00e9duite.<\/li>\n<\/ul>\n<\/li>\n<li aria-level=\"1\">Animaux de compagnie : 1 animal de compagnie maximum par chambre avec un poids maximum de 10 kg. Suppl\u00e9ment de 20\u20ac par s\u00e9jour.<\/li>\n<li aria-level=\"1\">Rooftop d&rsquo;mars \u00e0 Octobre, Exceptionnellement ouvert (2026)<\/li>\n<li aria-level=\"1\">Gymnase (bient\u00f4t)<\/li>\n<li aria-level=\"1\">Bar de la piscine (Li\u00e9 \u00e0 la saison de la piscine)<\/li>\n<\/ul>\n<\/div><\/div><\/div><\/div><div class=\"w-vwrapper us_custom_25e095bf box-service align_none valign_top\"><div class=\"w-iconbox us_custom_794b58a0 iconpos_left style_default color_secondary align_left no_title\"><div class=\"w-iconbox-icon\" style=\"font-size:1.5rem;\"><span class=\"fal fa-key\"><\/span><\/div><div class=\"w-iconbox-meta\"><div class=\"w-iconbox-text\"><h2>Chambres<\/h2>\n<\/div><\/div><\/div><div class=\"w-hwrapper us_custom_76efe857 valign_top wrap align_none\" style=\"--hwrapper-gap:0px\"><div class=\"wpb_text_column us_custom_3d3bcab9\"><div class=\"wpb_wrapper\"><ul>\n<li aria-level=\"1\">Petit-d\u00e9jeuner buffet<\/li>\n<li aria-level=\"1\">\n<h3><strong>Salle de bain priv\u00e9e<\/strong><\/h3>\n<ul>\n<li aria-level=\"2\">Papier hygi\u00e9nique<\/li>\n<li aria-level=\"2\">Serviettes de bain<\/li>\n<li aria-level=\"2\">Articles de toilette gratuits<\/li>\n<li aria-level=\"2\">S\u00e8che-linge<\/li>\n<li aria-level=\"2\">Douche<\/li>\n<li aria-level=\"2\">WC<\/li>\n<\/ul>\n<\/li>\n<li aria-level=\"1\">\n<h3><strong>Chambre \u00e0 coucher<\/strong><\/h3>\n<ul>\n<li aria-level=\"2\">Climatisation<\/li>\n<li aria-level=\"2\">Chauffage<\/li>\n<li aria-level=\"2\">Coffre-fort<\/li>\n<li aria-level=\"2\">Bureau<\/li>\n<li aria-level=\"2\">Linge de lit<\/li>\n<li aria-level=\"2\">Armoire<\/li>\n<li aria-level=\"2\">Vues de la ville ou de l&rsquo;ext\u00e9rieur<\/li>\n<li aria-level=\"2\">Lits doubles ou simples (sous r\u00e9serve de disponibilit\u00e9)<\/li>\n<\/ul>\n<\/li>\n<\/ul>\n<\/div><\/div><div class=\"wpb_text_column us_custom_0d536fc3\"><div class=\"wpb_wrapper\"><ul>\n<li aria-level=\"1\">\n<h3><strong>Equipements dans les chambres<\/strong><\/h3>\n<ul>\n<li aria-level=\"2\">Bouilloire \u00e9lectrique<\/li>\n<li aria-level=\"2\">Bureau<\/li>\n<li aria-level=\"2\">T\u00e9l\u00e9vision \u00e0 \u00e9cran plat avec cha\u00eenes par satellite<\/li>\n<li aria-level=\"2\">T\u00e9l\u00e9phone<\/li>\n<li aria-level=\"2\">Connexion WiFi gratuite<\/li>\n<li aria-level=\"2\">Prise \u00e0 proximit\u00e9 du lit<\/li>\n<li aria-level=\"2\">Les animaux domestiques peuvent \u00eatre admis moyennant un suppl\u00e9ment.<\/li>\n<\/ul>\n<\/li>\n<\/ul>\n<\/div><\/div><\/div><\/div><div class=\"g-cols wpb_row via_flex valign_top type_default stacking_default\"><div class=\"vc_col-sm-6 wpb_column vc_column_container\"><div class=\"vc_column-inner\"><div class=\"wpb_wrapper\"><div class=\"w-vwrapper us_custom_25e095bf box-service align_none valign_top\"><div class=\"w-iconbox us_custom_794b58a0 iconpos_left style_default color_secondary align_left no_title\"><div class=\"w-iconbox-icon\" style=\"font-size:1.5rem;\"><span class=\"fal fa-coffee\"><\/span><\/div><div class=\"w-iconbox-meta\"><div class=\"w-iconbox-text\"><h2>Petit-d\u00e9jeuner et bar<\/h2>\n<\/div><\/div><\/div><div class=\"wpb_text_column us_custom_db7ec8f1\"><div class=\"wpb_wrapper\"><ul>\n<li aria-level=\"2\">Option petit-d\u00e9jeuner<\/li>\n<li aria-level=\"2\">Caf\u00e9t\u00e9ria sur place<\/li>\n<\/ul>\n<\/div><\/div><\/div><div class=\"w-vwrapper us_custom_25e095bf box-service align_none valign_top\"><div class=\"w-iconbox us_custom_794b58a0 iconpos_left style_default color_secondary align_left no_title\"><div class=\"w-iconbox-icon\" style=\"font-size:1.5rem;\"><span class=\"fal fa-parking\"><\/span><\/div><div class=\"w-iconbox-meta\"><div class=\"w-iconbox-text\"><h2>Parking<\/h2>\n<\/div><\/div><\/div><div class=\"wpb_text_column us_custom_db7ec8f1\"><div class=\"wpb_wrapper\"><ul>\n<li aria-level=\"2\">Parking priv\u00e9 sur place (12\u20ac par jour)<\/li>\n<li aria-level=\"2\">Stationnement dans un garage<\/li>\n<li aria-level=\"2\">Station de recharge pour v\u00e9hicules \u00e9lectriques<\/li>\n<li aria-level=\"2\">Parking adapt\u00e9 aux personnes \u00e0 mobilit\u00e9 r\u00e9duite<\/li>\n<\/ul>\n<\/div><\/div><\/div><div class=\"w-vwrapper us_custom_25e095bf box-service align_none valign_top\"><div class=\"w-iconbox us_custom_794b58a0 iconpos_left style_default color_secondary align_left no_title\"><div class=\"w-iconbox-icon\" style=\"font-size:1.5rem;\"><span class=\"fal fa-cctv\"><\/span><\/div><div class=\"w-iconbox-meta\"><div class=\"w-iconbox-text\"><h2>S\u00e9curit\u00e9 et confort<\/h2>\n<\/div><\/div><\/div><div class=\"wpb_text_column us_custom_db7ec8f1\"><div class=\"wpb_wrapper\"><ul>\n<li aria-level=\"2\">Extincteurs<\/li>\n<li aria-level=\"2\">Cam\u00e9ras de surveillance dans les parties communes<\/li>\n<li aria-level=\"2\">D\u00e9tecteurs de fum\u00e9e<\/li>\n<li aria-level=\"2\">Alarme de s\u00e9curit\u00e9<\/li>\n<li aria-level=\"2\">Insonorisation des chambres<\/li>\n<li aria-level=\"2\">Chambres non-fumeurs<\/li>\n<\/ul>\n<\/div><\/div><\/div><div class=\"w-vwrapper us_custom_25e095bf box-service align_none valign_top\"><div class=\"w-iconbox us_custom_794b58a0 iconpos_left style_default color_secondary align_left no_title\"><div class=\"w-iconbox-icon\" style=\"font-size:1.5rem;\"><span class=\"fal fa-spa\"><\/span><\/div><div class=\"w-iconbox-meta\"><div class=\"w-iconbox-text\"><h2>Bien-\u00eatre<\/h2>\n<\/div><\/div><\/div><div class=\"wpb_text_column us_custom_db7ec8f1\"><div class=\"wpb_wrapper\"><ul>\n<li aria-level=\"2\">Toilettes publiques<\/li>\n<li aria-level=\"2\">Espaces de d\u00e9tente avec parasols et chaises longues<\/li>\n<\/ul>\n<\/div><\/div><\/div><\/div><\/div><\/div><div class=\"vc_col-sm-6 wpb_column vc_column_container\"><div class=\"vc_column-inner\"><div class=\"wpb_wrapper\"><div class=\"w-vwrapper us_custom_25e095bf box-service align_none valign_top\"><div class=\"w-iconbox us_custom_794b58a0 iconpos_left style_default color_secondary align_left no_title\"><div class=\"w-iconbox-icon\" style=\"font-size:1.5rem;\"><span class=\"fal fa-wifi\"><\/span><\/div><div class=\"w-iconbox-meta\"><div class=\"w-iconbox-text\"><h2>Internet<\/h2>\n<\/div><\/div><\/div><div class=\"wpb_text_column us_custom_db7ec8f1\"><div class=\"wpb_wrapper\"><ul>\n<li aria-level=\"1\">Wifi gratuit\u00a0\u00e0 haut d\u00e9bit<\/li>\n<\/ul>\n<\/div><\/div><\/div><div class=\"w-vwrapper us_custom_25e095bf box-service align_none valign_top\"><div class=\"w-iconbox us_custom_794b58a0 iconpos_left style_default color_secondary align_left no_title\"><div class=\"w-iconbox-icon\" style=\"font-size:1.5rem;\"><span class=\"fal fa-wheelchair\"><\/span><\/div><div class=\"w-iconbox-meta\"><div class=\"w-iconbox-text\"><h2>Accessibilit\u00e9<\/h2>\n<\/div><\/div><\/div><div class=\"wpb_text_column us_custom_db7ec8f1\"><div class=\"wpb_wrapper\"><ul>\n<li aria-level=\"1\">Installations accessibles<\/li>\n<li aria-level=\"1\">Acc\u00e8s par rampe<\/li>\n<li aria-level=\"1\">Ascenseur<\/li>\n<li aria-level=\"1\">Ascenseur adapt\u00e9 aux personnes \u00e0 mobilit\u00e9 r\u00e9duite<\/li>\n<\/ul>\n<\/div><\/div><\/div><div class=\"w-vwrapper us_custom_25e095bf box-service align_none valign_top\"><div class=\"w-iconbox us_custom_794b58a0 iconpos_left style_default color_secondary align_left no_title\"><div class=\"w-iconbox-icon\" style=\"font-size:1.5rem;\"><span class=\"fal fa-swimming-pool\"><\/span><\/div><div class=\"w-iconbox-meta\"><div class=\"w-iconbox-text\"><h2>Piscine<\/h2>\n<\/div><\/div><\/div><div class=\"wpb_text_column us_custom_db7ec8f1\"><div class=\"wpb_wrapper\"><ul>\n<li aria-level=\"2\">Piscine ext\u00e9rieure (en saison)<\/li>\n<li aria-level=\"2\">Piscine sur le toit avec vue \u00e0 l&rsquo;infini<\/li>\n<li aria-level=\"2\">Zone peu profonde<\/li>\n<li aria-level=\"2\">Serviettes, chaises longues et parasols disponibles<\/li>\n<li aria-level=\"2\">Piscine non chauff\u00e9e<\/li>\n<\/ul>\n<\/div><\/div><\/div><div class=\"w-vwrapper us_custom_25e095bf box-service align_none valign_top\"><div class=\"w-iconbox us_custom_794b58a0 iconpos_left style_default color_secondary align_left no_title\"><div class=\"w-iconbox-icon\" style=\"font-size:1.5rem;\"><span class=\"fal fa-globe\"><\/span><\/div><div class=\"w-iconbox-meta\"><div class=\"w-iconbox-text\"><h2>Langues<\/h2>\n<\/div><\/div><\/div><div class=\"wpb_text_column us_custom_db7ec8f1\"><div class=\"wpb_wrapper\"><ul>\n<li aria-level=\"2\">Anglais<\/li>\n<li aria-level=\"2\">Anglais<\/li>\n<li aria-level=\"2\">Fran\u00e7ais<\/li>\n<li aria-level=\"2\">Italien<\/li>\n<\/ul>\n<\/div><\/div><\/div><\/div><\/div><\/div><\/div><\/div><\/div><\/div><\/div><\/div><\/section>\n","protected":false},"excerpt":{"rendered":"[vc_custom_heading text=\"Services de l'h\u00f4tel Vibes\" font_container=\"tag:h1|text_align:center\" use_theme_fonts=\"yes\"][vc_custom_heading text=\"Tout ce qui vous pouvez souhaiter\" use_theme_fonts=\"yes\" css=\"%7B%22default%22%3A%7B%22margin-left%22%3A%22-4rem%22%7D%7D\"]Bienvenue \u00e0 Vibes Hotels ! Dans le cadre de notre engagement permanent \u00e0 offrir des exp\u00e9riences exceptionnelles \u00e0 nos clients, nous sommes ravis de vous pr\u00e9senter nos services innovants. Dans notre h\u00f4tel, nous comprenons l&rsquo;importance de concilier voyage et bien-\u00eatre. C&rsquo;est...","protected":false},"author":1,"featured_media":0,"parent":0,"menu_order":0,"comment_status":"closed","ping_status":"closed","template":"","meta":{"_acf_changed":false,"inline_featured_image":false,"footnotes":""},"class_list":["post-2047","page","type-page","status-publish","hentry"],"acf":[],"yoast_head":"<!-- This site is optimized with the Yoast SEO plugin v27.4 - https:\/\/yoast.com\/product\/yoast-seo-wordpress\/ -->\n<title>Services la l&#039;h\u00f4tel | Vibes Hoteles<\/title>\n<meta name=\"description\" content=\"Chambres \u2714 Petit-d\u00e9jeuner et bar \u2714 Internet \u2714 Parking priv\u00e9 \u2714 Accessibilit\u00e9 \u2714 S\u00e9curit\u00e9 et confort \u2714 Piscine \u2714 Bien-\u00eatre \u2714 Langues \u2714 et plus encore.\" \/>\n<meta name=\"robots\" content=\"index, follow, max-snippet:-1, max-image-preview:large, max-video-preview:-1\" \/>\n<link rel=\"canonical\" href=\"https:\/\/www.vibeshoteles.com\/fr\/services\/\" \/>\n<meta property=\"og:locale\" content=\"fr_FR\" \/>\n<meta property=\"og:type\" content=\"article\" \/>\n<meta property=\"og:title\" content=\"Services la l&#039;h\u00f4tel | Vibes Hoteles\" \/>\n<meta property=\"og:description\" content=\"Chambres \u2714 Petit-d\u00e9jeuner et bar \u2714 Internet \u2714 Parking priv\u00e9 \u2714 Accessibilit\u00e9 \u2714 S\u00e9curit\u00e9 et confort \u2714 Piscine \u2714 Bien-\u00eatre \u2714 Langues \u2714 et plus encore.\" \/>\n<meta property=\"og:url\" content=\"https:\/\/www.vibeshoteles.com\/fr\/services\/\" \/>\n<meta property=\"og:site_name\" content=\"Vibes Hoteles\" \/>\n<meta property=\"article:modified_time\" content=\"2026-02-23T17:17:49+00:00\" \/>\n<meta property=\"og:image\" content=\"https:\/\/www.vibeshoteles.com\/wp-content\/uploads\/2023\/10\/disfrute-vibes.jpg\" \/>\n\t<meta property=\"og:image:width\" content=\"443\" \/>\n\t<meta property=\"og:image:height\" content=\"443\" \/>\n\t<meta property=\"og:image:type\" content=\"image\/jpeg\" \/>\n<meta name=\"twitter:card\" content=\"summary_large_image\" \/>\n<meta name=\"twitter:label1\" content=\"Dur\u00e9e de lecture estim\u00e9e\" \/>\n\t<meta name=\"twitter:data1\" content=\"3 minutes\" \/>\n<script type=\"application\/ld+json\" class=\"yoast-schema-graph\">{\"@context\":\"https:\\\/\\\/schema.org\",\"@graph\":[{\"@type\":\"WebPage\",\"@id\":\"https:\\\/\\\/www.vibeshoteles.com\\\/fr\\\/services\\\/\",\"url\":\"https:\\\/\\\/www.vibeshoteles.com\\\/fr\\\/services\\\/\",\"name\":\"Services la l'h\u00f4tel | Vibes Hoteles\",\"isPartOf\":{\"@id\":\"https:\\\/\\\/www.vibeshoteles.com\\\/fr\\\/#website\"},\"datePublished\":\"2023-12-19T10:59:26+00:00\",\"dateModified\":\"2026-02-23T17:17:49+00:00\",\"description\":\"Chambres \u2714 Petit-d\u00e9jeuner et bar \u2714 Internet \u2714 Parking priv\u00e9 \u2714 Accessibilit\u00e9 \u2714 S\u00e9curit\u00e9 et confort \u2714 Piscine \u2714 Bien-\u00eatre \u2714 Langues \u2714 et plus encore.\",\"breadcrumb\":{\"@id\":\"https:\\\/\\\/www.vibeshoteles.com\\\/fr\\\/services\\\/#breadcrumb\"},\"inLanguage\":\"fr-FR\",\"potentialAction\":[{\"@type\":\"ReadAction\",\"target\":[\"https:\\\/\\\/www.vibeshoteles.com\\\/fr\\\/services\\\/\"]}]},{\"@type\":\"BreadcrumbList\",\"@id\":\"https:\\\/\\\/www.vibeshoteles.com\\\/fr\\\/services\\\/#breadcrumb\",\"itemListElement\":[{\"@type\":\"ListItem\",\"position\":1,\"name\":\"Portada\",\"item\":\"https:\\\/\\\/www.vibeshoteles.com\\\/fr\\\/\"},{\"@type\":\"ListItem\",\"position\":2,\"name\":\"Services\"}]},{\"@type\":\"WebSite\",\"@id\":\"https:\\\/\\\/www.vibeshoteles.com\\\/fr\\\/#website\",\"url\":\"https:\\\/\\\/www.vibeshoteles.com\\\/fr\\\/\",\"name\":\"Vibes Hoteles\",\"description\":\"\",\"publisher\":{\"@id\":\"https:\\\/\\\/www.vibeshoteles.com\\\/fr\\\/#organization\"},\"potentialAction\":[{\"@type\":\"SearchAction\",\"target\":{\"@type\":\"EntryPoint\",\"urlTemplate\":\"https:\\\/\\\/www.vibeshoteles.com\\\/fr\\\/?s={search_term_string}\"},\"query-input\":{\"@type\":\"PropertyValueSpecification\",\"valueRequired\":true,\"valueName\":\"search_term_string\"}}],\"inLanguage\":\"fr-FR\"},{\"@type\":\"Organization\",\"@id\":\"https:\\\/\\\/www.vibeshoteles.com\\\/fr\\\/#organization\",\"name\":\"Vibes Hoteles\",\"url\":\"https:\\\/\\\/www.vibeshoteles.com\\\/fr\\\/\",\"logo\":{\"@type\":\"ImageObject\",\"inLanguage\":\"fr-FR\",\"@id\":\"https:\\\/\\\/www.vibeshoteles.com\\\/fr\\\/#\\\/schema\\\/logo\\\/image\\\/\",\"url\":\"https:\\\/\\\/www.vibeshoteles.com\\\/wp-content\\\/uploads\\\/2023\\\/12\\\/logo-bive-hoteles.png\",\"contentUrl\":\"https:\\\/\\\/www.vibeshoteles.com\\\/wp-content\\\/uploads\\\/2023\\\/12\\\/logo-bive-hoteles.png\",\"width\":696,\"height\":696,\"caption\":\"Vibes Hoteles\"},\"image\":{\"@id\":\"https:\\\/\\\/www.vibeshoteles.com\\\/fr\\\/#\\\/schema\\\/logo\\\/image\\\/\"}}]}<\/script>\n<!-- \/ Yoast SEO plugin. -->","yoast_head_json":{"title":"Services la l'h\u00f4tel | Vibes Hoteles","description":"Chambres \u2714 Petit-d\u00e9jeuner et bar \u2714 Internet \u2714 Parking priv\u00e9 \u2714 Accessibilit\u00e9 \u2714 S\u00e9curit\u00e9 et confort \u2714 Piscine \u2714 Bien-\u00eatre \u2714 Langues \u2714 et plus encore.","robots":{"index":"index","follow":"follow","max-snippet":"max-snippet:-1","max-image-preview":"max-image-preview:large","max-video-preview":"max-video-preview:-1"},"canonical":"https:\/\/www.vibeshoteles.com\/fr\/services\/","og_locale":"fr_FR","og_type":"article","og_title":"Services la l'h\u00f4tel | Vibes Hoteles","og_description":"Chambres \u2714 Petit-d\u00e9jeuner et bar \u2714 Internet \u2714 Parking priv\u00e9 \u2714 Accessibilit\u00e9 \u2714 S\u00e9curit\u00e9 et confort \u2714 Piscine \u2714 Bien-\u00eatre \u2714 Langues \u2714 et plus encore.","og_url":"https:\/\/www.vibeshoteles.com\/fr\/services\/","og_site_name":"Vibes Hoteles","article_modified_time":"2026-02-23T17:17:49+00:00","og_image":[{"width":443,"height":443,"url":"https:\/\/www.vibeshoteles.com\/wp-content\/uploads\/2023\/10\/disfrute-vibes.jpg","type":"image\/jpeg"}],"twitter_card":"summary_large_image","twitter_misc":{"Dur\u00e9e de lecture estim\u00e9e":"3 minutes"},"schema":{"@context":"https:\/\/schema.org","@graph":[{"@type":"WebPage","@id":"https:\/\/www.vibeshoteles.com\/fr\/services\/","url":"https:\/\/www.vibeshoteles.com\/fr\/services\/","name":"Services la l'h\u00f4tel | Vibes Hoteles","isPartOf":{"@id":"https:\/\/www.vibeshoteles.com\/fr\/#website"},"datePublished":"2023-12-19T10:59:26+00:00","dateModified":"2026-02-23T17:17:49+00:00","description":"Chambres \u2714 Petit-d\u00e9jeuner et bar \u2714 Internet \u2714 Parking priv\u00e9 \u2714 Accessibilit\u00e9 \u2714 S\u00e9curit\u00e9 et confort \u2714 Piscine \u2714 Bien-\u00eatre \u2714 Langues \u2714 et plus encore.","breadcrumb":{"@id":"https:\/\/www.vibeshoteles.com\/fr\/services\/#breadcrumb"},"inLanguage":"fr-FR","potentialAction":[{"@type":"ReadAction","target":["https:\/\/www.vibeshoteles.com\/fr\/services\/"]}]},{"@type":"BreadcrumbList","@id":"https:\/\/www.vibeshoteles.com\/fr\/services\/#breadcrumb","itemListElement":[{"@type":"ListItem","position":1,"name":"Portada","item":"https:\/\/www.vibeshoteles.com\/fr\/"},{"@type":"ListItem","position":2,"name":"Services"}]},{"@type":"WebSite","@id":"https:\/\/www.vibeshoteles.com\/fr\/#website","url":"https:\/\/www.vibeshoteles.com\/fr\/","name":"Vibes Hoteles","description":"","publisher":{"@id":"https:\/\/www.vibeshoteles.com\/fr\/#organization"},"potentialAction":[{"@type":"SearchAction","target":{"@type":"EntryPoint","urlTemplate":"https:\/\/www.vibeshoteles.com\/fr\/?s={search_term_string}"},"query-input":{"@type":"PropertyValueSpecification","valueRequired":true,"valueName":"search_term_string"}}],"inLanguage":"fr-FR"},{"@type":"Organization","@id":"https:\/\/www.vibeshoteles.com\/fr\/#organization","name":"Vibes Hoteles","url":"https:\/\/www.vibeshoteles.com\/fr\/","logo":{"@type":"ImageObject","inLanguage":"fr-FR","@id":"https:\/\/www.vibeshoteles.com\/fr\/#\/schema\/logo\/image\/","url":"https:\/\/www.vibeshoteles.com\/wp-content\/uploads\/2023\/12\/logo-bive-hoteles.png","contentUrl":"https:\/\/www.vibeshoteles.com\/wp-content\/uploads\/2023\/12\/logo-bive-hoteles.png","width":696,"height":696,"caption":"Vibes Hoteles"},"image":{"@id":"https:\/\/www.vibeshoteles.com\/fr\/#\/schema\/logo\/image\/"}}]}},"_links":{"self":[{"href":"https:\/\/www.vibeshoteles.com\/fr\/wp-json\/wp\/v2\/pages\/2047","targetHints":{"allow":["GET"]}}],"collection":[{"href":"https:\/\/www.vibeshoteles.com\/fr\/wp-json\/wp\/v2\/pages"}],"about":[{"href":"https:\/\/www.vibeshoteles.com\/fr\/wp-json\/wp\/v2\/types\/page"}],"author":[{"embeddable":true,"href":"https:\/\/www.vibeshoteles.com\/fr\/wp-json\/wp\/v2\/users\/1"}],"replies":[{"embeddable":true,"href":"https:\/\/www.vibeshoteles.com\/fr\/wp-json\/wp\/v2\/comments?post=2047"}],"version-history":[{"count":10,"href":"https:\/\/www.vibeshoteles.com\/fr\/wp-json\/wp\/v2\/pages\/2047\/revisions"}],"predecessor-version":[{"id":23618,"href":"https:\/\/www.vibeshoteles.com\/fr\/wp-json\/wp\/v2\/pages\/2047\/revisions\/23618"}],"wp:attachment":[{"href":"https:\/\/www.vibeshoteles.com\/fr\/wp-json\/wp\/v2\/media?parent=2047"}],"curies":[{"name":"wp","href":"https:\/\/api.w.org\/{rel}","templated":true}]}}