{"id":2040,"date":"2023-12-19T11:55:47","date_gmt":"2023-12-19T09:55:47","guid":{"rendered":"https:\/\/www.vibeshoteles.com\/toit\/"},"modified":"2026-04-09T14:56:27","modified_gmt":"2026-04-09T12:56:27","slug":"toit","status":"publish","type":"page","link":"https:\/\/www.vibeshoteles.com\/fr\/toit\/","title":{"rendered":"Rooftop"},"content":{"rendered":"<section class=\"l-section wpb_row us_custom_5a0cbb12 height_large color_alternate\"><div class=\"l-section-overlay\" style=\"background:rgba(0,0,0,0.50)\"><\/div><div class=\"l-section-h i-cf\"><div class=\"g-cols vc_row via_flex valign_top type_default stacking_default\"><div class=\"vc_col-sm-12 wpb_column vc_column_container\"><div class=\"vc_column-inner\"><div class=\"wpb_wrapper\">[vc_custom_heading text=\u00a0\u00bbRooftop\u00a0\u00bb font_container=\u00a0\u00bbtag:h1|text_align:center\u00a0\u00bb use_theme_fonts=\u00a0\u00bbyes\u00a0\u00bb]<\/div><\/div><\/div><\/div><\/div><\/section><section class=\"l-section wpb_row us_custom_19737bc8 height_large\"><div class=\"l-section-h i-cf\"><div class=\"g-cols vc_row via_flex valign_top type_default stacking_default\"><div class=\"vc_col-sm-12 wpb_column vc_column_container\"><div class=\"vc_column-inner\"><div class=\"wpb_wrapper\"><div class=\"g-cols wpb_row us_custom_029a9dbb via_flex valign_middle type_default reversed stacking_default\"><div class=\"vc_col-sm-4 wpb_column vc_column_container justify\"><div class=\"vc_column-inner\"><div class=\"wpb_wrapper\"><div class=\"w-image align_right\"><div class=\"w-image-h\"><img decoding=\"async\" width=\"1024\" height=\"1069\" src=\"https:\/\/www.vibeshoteles.com\/wp-content\/uploads\/2026\/04\/skybar.jpg\" class=\"attachment-full size-full\" alt=\"sky bar malaga\" loading=\"lazy\" \/><\/div><\/div><\/div><\/div><\/div><div class=\"vc_col-sm-8 wpb_column vc_column_container\"><div class=\"vc_column-inner\"><div class=\"wpb_wrapper\">[vc_custom_heading text=\u00a0\u00bbRooftop<br \/>\npiscine <strong>Malaga<\/strong>\u00a0\u00bb font_container=\u00a0\u00bbtag:h3|text_align:left\u00a0\u00bb use_theme_fonts=\u00a0\u00bbyes\u00a0\u00bb el_class=\u00a0\u00bbtitlehome2&Prime; css=\u00a0\u00bb%7B%22default%22%3A%7B%22font-size%22%3A%225rem%22%2C%22text-transform%22%3A%22uppercase%22%2C%22max-width%22%3A%22530px%22%2C%22margin-bottom%22%3A%224rem%22%7D%2C%22laptops%22%3A%7B%22font-size%22%3A%225rem%22%2C%22text-transform%22%3A%22uppercase%22%2C%22max-width%22%3A%22530px%22%7D%2C%22tablets%22%3A%7B%22font-size%22%3A%225rem%22%2C%22text-transform%22%3A%22uppercase%22%2C%22max-width%22%3A%22530px%22%7D%2C%22mobiles%22%3A%7B%22font-size%22%3A%223.12rem%22%2C%22text-transform%22%3A%22uppercase%22%2C%22max-width%22%3A%22280px%22%7D%7D\u00a0\u00bb]<div class=\"wpb_text_column us_custom_95ea8cf1\"><div class=\"wpb_wrapper\"><p>Bienvenue sur notre toit exclusif au c\u0153ur de l&rsquo;h\u00f4tel ! Profitez des vues spectaculaires sur Malaga depuis l&rsquo;impressionnant toit-terrasse Vertigo situ\u00e9 au septi\u00e8me \u00e9tage, a<span class=\"Y2IQFc\" lang=\"fr\">ctiv\u00e9 <\/span><span class=\"Y2IQFc\" lang=\"fr\">de mars <\/span><span class=\"Y2IQFc\" lang=\"fr\">\u00e0 fin octobre.<\/span><\/p>\n<p>*** Exceptionnellement, maintenant ouvert ***<\/p>\n<\/div><\/div><\/div><\/div><\/div><\/div><\/div><\/div><\/div><\/div><\/div><\/section><section class=\"l-section wpb_row us_custom_19737bc8 height_large\"><div class=\"l-section-h i-cf\"><div class=\"g-cols vc_row via_flex valign_top type_default stacking_default\"><div class=\"vc_col-sm-5 wpb_column vc_column_container\"><div class=\"vc_column-inner us_custom_adfb1f2f\"><div class=\"wpb_wrapper\">[vc_custom_heading text=\u00a0\u00bbQuelles sont les heures d&rsquo;ouverture de notre Rooftop ?\u00a0\u00bb use_theme_fonts=\u00a0\u00bbyes\u00a0\u00bb css=\u00a0\u00bb%7B%22default%22%3A%7B%22font-size%22%3A%225rem%22%2C%22text-transform%22%3A%22none%22%2C%22margin-left%22%3A%22-3rem%22%7D%2C%22laptops%22%3A%7B%22font-size%22%3A%223.75rem%22%2C%22text-transform%22%3A%22none%22%7D%2C%22tablets%22%3A%7B%22font-size%22%3A%223.75rem%22%2C%22text-transform%22%3A%22none%22%7D%2C%22mobiles%22%3A%7B%22font-size%22%3A%223rem%22%2C%22text-transform%22%3A%22none%22%7D%7D\u00a0\u00bb]<div class=\"wpb_text_column us_custom_1c9b481b\"><div class=\"wpb_wrapper\"><p>De mars \u00e0 fin octobre, notre piscine vous attend pour vous plonger dans un havre de s\u00e9r\u00e9nit\u00e9 de 10h00 \u00e0 20h00 et un service de bar de 11h00 \u00e0 minuit.<\/p>\n<p>*** Exceptionnellement, maintenant ouvert ***<\/p>\n<\/div><\/div><\/div><\/div><\/div><div class=\"vc_col-sm-7 wpb_column vc_column_container\"><div class=\"vc_column-inner\"><div class=\"wpb_wrapper\"><div class=\"w-image align_center\"><div class=\"w-image-h\"><img decoding=\"async\" width=\"1700\" height=\"1122\" src=\"https:\/\/www.vibeshoteles.com\/wp-content\/uploads\/2025\/09\/terraza.png\" class=\"attachment-full size-full\" alt=\"\" loading=\"lazy\" \/><\/div><\/div><\/div><\/div><\/div><\/div><\/div><\/section><section class=\"l-section wpb_row height_large\"><div class=\"l-section-h i-cf\"><div class=\"g-cols vc_row via_flex valign_top type_default reversed stacking_default\"><div class=\"vc_col-sm-7 wpb_column vc_column_container\"><div class=\"vc_column-inner\"><div class=\"wpb_wrapper\"><div class=\"w-image align_center\"><div class=\"w-image-h\"><img decoding=\"async\" width=\"999\" height=\"660\" src=\"https:\/\/www.vibeshoteles.com\/wp-content\/uploads\/2025\/09\/rooftopbarrr.jpg\" class=\"attachment-full size-full\" alt=\"\" loading=\"lazy\" \/><\/div><\/div><\/div><\/div><\/div><div class=\"vc_col-sm-5 wpb_column vc_column_container\"><div class=\"vc_column-inner us_custom_adfb1f2f\"><div class=\"wpb_wrapper\">[vc_custom_heading text=\u00a0\u00bbQue pouvez-vous trouver sur le Rooftop Vertigo ?\u00a0\u00bb use_theme_fonts=\u00a0\u00bbyes\u00a0\u00bb css=\u00a0\u00bb%7B%22default%22%3A%7B%22font-size%22%3A%225rem%22%2C%22text-transform%22%3A%22none%22%2C%22margin-left%22%3A%22-3rem%22%7D%2C%22laptops%22%3A%7B%22font-size%22%3A%223.75rem%22%2C%22text-transform%22%3A%22none%22%7D%2C%22tablets%22%3A%7B%22font-size%22%3A%223.75rem%22%2C%22text-transform%22%3A%22none%22%7D%2C%22mobiles%22%3A%7B%22font-size%22%3A%223rem%22%2C%22text-transform%22%3A%22none%22%7D%7D\u00a0\u00bb]<div class=\"wpb_text_column us_custom_1c9b481b\"><div class=\"wpb_wrapper\"><p class=\"tw-data-text tw-text-large tw-ta\" dir=\"ltr\" data-placeholder=\"Traducci\u00f3n\" data-ved=\"2ahUKEwi97vPc7dGKAxU6VPEDHczyHz0Q3ewLegQIChAU\" aria-label=\"Texto traducido: Notre Rooftop ouvert de fin mars \u00e0 fin septembre, offre une exp\u00e9rience culinaire unique\"><span class=\"Y2IQFc\" lang=\"fr\">Notre Rooftop ouvert <\/span><span class=\"Y2IQFc\" lang=\"fr\">de mars <\/span><span class=\"Y2IQFc\" lang=\"fr\">\u00e0 fin octobre, offre une exp\u00e9rience culinaire unique<\/span>, avec une s\u00e9lection vari\u00e9e de boissons rafra\u00eechissantes et de d\u00e9licieux en-cas. \u00c9chappez \u00e0 l&rsquo;agitation de la ville dans notre piscine \u00e0 d\u00e9bordement et laissez-vous s\u00e9duire par un cocktail \u00e0 notre bar !<\/p>\n<p>Restauration \/ Bar de 11h00 \u00e0 00h00.<\/p>\n<p>Infinity Pool de 10h00 \u00e0 20h00.<\/p>\n<p>Piscine non chauff\u00e9e.<\/p>\n<\/div><\/div><\/div><\/div><\/div><\/div><\/div><\/section>\n","protected":false},"excerpt":{"rendered":"[vc_custom_heading text=\"Rooftop\" font_container=\"tag:h1|text_align:center\" use_theme_fonts=\"yes\"][vc_custom_heading text=\"Rooftop piscine Malaga\" font_container=\"tag:h3|text_align:left\" use_theme_fonts=\"yes\" el_class=\"titlehome2\" css=\"%7B%22default%22%3A%7B%22font-size%22%3A%225rem%22%2C%22text-transform%22%3A%22uppercase%22%2C%22max-width%22%3A%22530px%22%2C%22margin-bottom%22%3A%224rem%22%7D%2C%22laptops%22%3A%7B%22font-size%22%3A%225rem%22%2C%22text-transform%22%3A%22uppercase%22%2C%22max-width%22%3A%22530px%22%7D%2C%22tablets%22%3A%7B%22font-size%22%3A%225rem%22%2C%22text-transform%22%3A%22uppercase%22%2C%22max-width%22%3A%22530px%22%7D%2C%22mobiles%22%3A%7B%22font-size%22%3A%223.12rem%22%2C%22text-transform%22%3A%22uppercase%22%2C%22max-width%22%3A%22280px%22%7D%7D\"]Bienvenue sur notre toit exclusif au c\u0153ur de l&rsquo;h\u00f4tel ! Profitez des vues spectaculaires sur Malaga depuis l&rsquo;impressionnant toit-terrasse Vertigo situ\u00e9 au septi\u00e8me \u00e9tage, activ\u00e9 de mars \u00e0 fin octobre. *** Exceptionnellement, maintenant ouvert *** [vc_custom_heading text=\"Quelles sont les heures d'ouverture de notre Rooftop ?\"...","protected":false},"author":1,"featured_media":1873,"parent":0,"menu_order":0,"comment_status":"closed","ping_status":"closed","template":"","meta":{"_acf_changed":false,"inline_featured_image":false,"footnotes":""},"class_list":["post-2040","page","type-page","status-publish","has-post-thumbnail","hentry"],"acf":[],"yoast_head":"<!-- This site is optimized with the Yoast SEO plugin v27.4 - https:\/\/yoast.com\/product\/yoast-seo-wordpress\/ -->\n<title>Rooftop | Vibes Hoteles<\/title>\n<meta name=\"robots\" content=\"index, follow, max-snippet:-1, max-image-preview:large, max-video-preview:-1\" \/>\n<link rel=\"canonical\" href=\"https:\/\/www.vibeshoteles.com\/fr\/toit\/\" \/>\n<meta property=\"og:locale\" content=\"fr_FR\" \/>\n<meta property=\"og:type\" content=\"article\" \/>\n<meta property=\"og:title\" content=\"Rooftop | Vibes Hoteles\" \/>\n<meta property=\"og:url\" content=\"https:\/\/www.vibeshoteles.com\/fr\/toit\/\" \/>\n<meta property=\"og:site_name\" content=\"Vibes Hoteles\" \/>\n<meta property=\"article:modified_time\" content=\"2026-04-09T12:56:27+00:00\" \/>\n<meta property=\"og:image\" content=\"https:\/\/www.vibeshoteles.com\/wp-content\/uploads\/2024\/02\/piscina-rooftop.jpg\" \/>\n\t<meta property=\"og:image:width\" content=\"284\" \/>\n\t<meta property=\"og:image:height\" content=\"284\" \/>\n\t<meta property=\"og:image:type\" content=\"image\/jpeg\" \/>\n<meta name=\"twitter:card\" content=\"summary_large_image\" \/>\n<meta name=\"twitter:label1\" content=\"Dur\u00e9e de lecture estim\u00e9e\" \/>\n\t<meta name=\"twitter:data1\" content=\"2 minutes\" \/>\n<script type=\"application\/ld+json\" class=\"yoast-schema-graph\">{\"@context\":\"https:\\\/\\\/schema.org\",\"@graph\":[{\"@type\":\"WebPage\",\"@id\":\"https:\\\/\\\/www.vibeshoteles.com\\\/fr\\\/toit\\\/\",\"url\":\"https:\\\/\\\/www.vibeshoteles.com\\\/fr\\\/toit\\\/\",\"name\":\"Rooftop | Vibes Hoteles\",\"isPartOf\":{\"@id\":\"https:\\\/\\\/www.vibeshoteles.com\\\/fr\\\/#website\"},\"primaryImageOfPage\":{\"@id\":\"https:\\\/\\\/www.vibeshoteles.com\\\/fr\\\/toit\\\/#primaryimage\"},\"image\":{\"@id\":\"https:\\\/\\\/www.vibeshoteles.com\\\/fr\\\/toit\\\/#primaryimage\"},\"thumbnailUrl\":\"https:\\\/\\\/www.vibeshoteles.com\\\/wp-content\\\/uploads\\\/2024\\\/02\\\/piscina-rooftop.jpg\",\"datePublished\":\"2023-12-19T09:55:47+00:00\",\"dateModified\":\"2026-04-09T12:56:27+00:00\",\"breadcrumb\":{\"@id\":\"https:\\\/\\\/www.vibeshoteles.com\\\/fr\\\/toit\\\/#breadcrumb\"},\"inLanguage\":\"fr-FR\",\"potentialAction\":[{\"@type\":\"ReadAction\",\"target\":[\"https:\\\/\\\/www.vibeshoteles.com\\\/fr\\\/toit\\\/\"]}]},{\"@type\":\"ImageObject\",\"inLanguage\":\"fr-FR\",\"@id\":\"https:\\\/\\\/www.vibeshoteles.com\\\/fr\\\/toit\\\/#primaryimage\",\"url\":\"https:\\\/\\\/www.vibeshoteles.com\\\/wp-content\\\/uploads\\\/2024\\\/02\\\/piscina-rooftop.jpg\",\"contentUrl\":\"https:\\\/\\\/www.vibeshoteles.com\\\/wp-content\\\/uploads\\\/2024\\\/02\\\/piscina-rooftop.jpg\",\"width\":284,\"height\":284,\"caption\":\"Rooftop Sky bar en M\u00e1laga Vibes Hoteles\"},{\"@type\":\"BreadcrumbList\",\"@id\":\"https:\\\/\\\/www.vibeshoteles.com\\\/fr\\\/toit\\\/#breadcrumb\",\"itemListElement\":[{\"@type\":\"ListItem\",\"position\":1,\"name\":\"Portada\",\"item\":\"https:\\\/\\\/www.vibeshoteles.com\\\/fr\\\/\"},{\"@type\":\"ListItem\",\"position\":2,\"name\":\"Rooftop\"}]},{\"@type\":\"WebSite\",\"@id\":\"https:\\\/\\\/www.vibeshoteles.com\\\/fr\\\/#website\",\"url\":\"https:\\\/\\\/www.vibeshoteles.com\\\/fr\\\/\",\"name\":\"Vibes Hoteles\",\"description\":\"\",\"publisher\":{\"@id\":\"https:\\\/\\\/www.vibeshoteles.com\\\/fr\\\/#organization\"},\"potentialAction\":[{\"@type\":\"SearchAction\",\"target\":{\"@type\":\"EntryPoint\",\"urlTemplate\":\"https:\\\/\\\/www.vibeshoteles.com\\\/fr\\\/?s={search_term_string}\"},\"query-input\":{\"@type\":\"PropertyValueSpecification\",\"valueRequired\":true,\"valueName\":\"search_term_string\"}}],\"inLanguage\":\"fr-FR\"},{\"@type\":\"Organization\",\"@id\":\"https:\\\/\\\/www.vibeshoteles.com\\\/fr\\\/#organization\",\"name\":\"Vibes Hoteles\",\"url\":\"https:\\\/\\\/www.vibeshoteles.com\\\/fr\\\/\",\"logo\":{\"@type\":\"ImageObject\",\"inLanguage\":\"fr-FR\",\"@id\":\"https:\\\/\\\/www.vibeshoteles.com\\\/fr\\\/#\\\/schema\\\/logo\\\/image\\\/\",\"url\":\"https:\\\/\\\/www.vibeshoteles.com\\\/wp-content\\\/uploads\\\/2023\\\/12\\\/logo-bive-hoteles.png\",\"contentUrl\":\"https:\\\/\\\/www.vibeshoteles.com\\\/wp-content\\\/uploads\\\/2023\\\/12\\\/logo-bive-hoteles.png\",\"width\":696,\"height\":696,\"caption\":\"Vibes Hoteles\"},\"image\":{\"@id\":\"https:\\\/\\\/www.vibeshoteles.com\\\/fr\\\/#\\\/schema\\\/logo\\\/image\\\/\"}}]}<\/script>\n<!-- \/ Yoast SEO plugin. -->","yoast_head_json":{"title":"Rooftop | Vibes Hoteles","robots":{"index":"index","follow":"follow","max-snippet":"max-snippet:-1","max-image-preview":"max-image-preview:large","max-video-preview":"max-video-preview:-1"},"canonical":"https:\/\/www.vibeshoteles.com\/fr\/toit\/","og_locale":"fr_FR","og_type":"article","og_title":"Rooftop | Vibes Hoteles","og_url":"https:\/\/www.vibeshoteles.com\/fr\/toit\/","og_site_name":"Vibes Hoteles","article_modified_time":"2026-04-09T12:56:27+00:00","og_image":[{"width":284,"height":284,"url":"https:\/\/www.vibeshoteles.com\/wp-content\/uploads\/2024\/02\/piscina-rooftop.jpg","type":"image\/jpeg"}],"twitter_card":"summary_large_image","twitter_misc":{"Dur\u00e9e de lecture estim\u00e9e":"2 minutes"},"schema":{"@context":"https:\/\/schema.org","@graph":[{"@type":"WebPage","@id":"https:\/\/www.vibeshoteles.com\/fr\/toit\/","url":"https:\/\/www.vibeshoteles.com\/fr\/toit\/","name":"Rooftop | Vibes Hoteles","isPartOf":{"@id":"https:\/\/www.vibeshoteles.com\/fr\/#website"},"primaryImageOfPage":{"@id":"https:\/\/www.vibeshoteles.com\/fr\/toit\/#primaryimage"},"image":{"@id":"https:\/\/www.vibeshoteles.com\/fr\/toit\/#primaryimage"},"thumbnailUrl":"https:\/\/www.vibeshoteles.com\/wp-content\/uploads\/2024\/02\/piscina-rooftop.jpg","datePublished":"2023-12-19T09:55:47+00:00","dateModified":"2026-04-09T12:56:27+00:00","breadcrumb":{"@id":"https:\/\/www.vibeshoteles.com\/fr\/toit\/#breadcrumb"},"inLanguage":"fr-FR","potentialAction":[{"@type":"ReadAction","target":["https:\/\/www.vibeshoteles.com\/fr\/toit\/"]}]},{"@type":"ImageObject","inLanguage":"fr-FR","@id":"https:\/\/www.vibeshoteles.com\/fr\/toit\/#primaryimage","url":"https:\/\/www.vibeshoteles.com\/wp-content\/uploads\/2024\/02\/piscina-rooftop.jpg","contentUrl":"https:\/\/www.vibeshoteles.com\/wp-content\/uploads\/2024\/02\/piscina-rooftop.jpg","width":284,"height":284,"caption":"Rooftop Sky bar en M\u00e1laga Vibes Hoteles"},{"@type":"BreadcrumbList","@id":"https:\/\/www.vibeshoteles.com\/fr\/toit\/#breadcrumb","itemListElement":[{"@type":"ListItem","position":1,"name":"Portada","item":"https:\/\/www.vibeshoteles.com\/fr\/"},{"@type":"ListItem","position":2,"name":"Rooftop"}]},{"@type":"WebSite","@id":"https:\/\/www.vibeshoteles.com\/fr\/#website","url":"https:\/\/www.vibeshoteles.com\/fr\/","name":"Vibes Hoteles","description":"","publisher":{"@id":"https:\/\/www.vibeshoteles.com\/fr\/#organization"},"potentialAction":[{"@type":"SearchAction","target":{"@type":"EntryPoint","urlTemplate":"https:\/\/www.vibeshoteles.com\/fr\/?s={search_term_string}"},"query-input":{"@type":"PropertyValueSpecification","valueRequired":true,"valueName":"search_term_string"}}],"inLanguage":"fr-FR"},{"@type":"Organization","@id":"https:\/\/www.vibeshoteles.com\/fr\/#organization","name":"Vibes Hoteles","url":"https:\/\/www.vibeshoteles.com\/fr\/","logo":{"@type":"ImageObject","inLanguage":"fr-FR","@id":"https:\/\/www.vibeshoteles.com\/fr\/#\/schema\/logo\/image\/","url":"https:\/\/www.vibeshoteles.com\/wp-content\/uploads\/2023\/12\/logo-bive-hoteles.png","contentUrl":"https:\/\/www.vibeshoteles.com\/wp-content\/uploads\/2023\/12\/logo-bive-hoteles.png","width":696,"height":696,"caption":"Vibes Hoteles"},"image":{"@id":"https:\/\/www.vibeshoteles.com\/fr\/#\/schema\/logo\/image\/"}}]}},"_links":{"self":[{"href":"https:\/\/www.vibeshoteles.com\/fr\/wp-json\/wp\/v2\/pages\/2040","targetHints":{"allow":["GET"]}}],"collection":[{"href":"https:\/\/www.vibeshoteles.com\/fr\/wp-json\/wp\/v2\/pages"}],"about":[{"href":"https:\/\/www.vibeshoteles.com\/fr\/wp-json\/wp\/v2\/types\/page"}],"author":[{"embeddable":true,"href":"https:\/\/www.vibeshoteles.com\/fr\/wp-json\/wp\/v2\/users\/1"}],"replies":[{"embeddable":true,"href":"https:\/\/www.vibeshoteles.com\/fr\/wp-json\/wp\/v2\/comments?post=2040"}],"version-history":[{"count":27,"href":"https:\/\/www.vibeshoteles.com\/fr\/wp-json\/wp\/v2\/pages\/2040\/revisions"}],"predecessor-version":[{"id":25631,"href":"https:\/\/www.vibeshoteles.com\/fr\/wp-json\/wp\/v2\/pages\/2040\/revisions\/25631"}],"wp:featuredmedia":[{"embeddable":true,"href":"https:\/\/www.vibeshoteles.com\/fr\/wp-json\/wp\/v2\/media\/1873"}],"wp:attachment":[{"href":"https:\/\/www.vibeshoteles.com\/fr\/wp-json\/wp\/v2\/media?parent=2040"}],"curies":[{"name":"wp","href":"https:\/\/api.w.org\/{rel}","templated":true}]}}